{"id":331,"date":"2018-11-26T12:46:25","date_gmt":"2018-11-26T12:46:25","guid":{"rendered":"https:\/\/websitedemos.net\/alex26\/?page_id=8"},"modified":"2024-02-15T19:36:40","modified_gmt":"2024-02-15T16:36:40","slug":"services","status":"publish","type":"page","link":"https:\/\/www.xn--shktest-5wa8n.fi\/?page_id=331","title":{"rendered":"PALVELUT"},"content":{"rendered":"\t\t<div data-elementor-type=\"wp-post\" data-elementor-id=\"331\" class=\"elementor elementor-331\">\n\t\t\t\t\t\t<section class=\"elementor-section elementor-top-section elementor-element elementor-element-39dabc18 elementor-section-content-middle elementor-section-boxed elementor-section-height-default elementor-section-height-default\" data-id=\"39dabc18\" data-element_type=\"section\" data-e-type=\"section\" data-settings=\"{&quot;background_background&quot;:&quot;classic&quot;}\">\n\t\t\t\t\t\t\t<div class=\"elementor-background-overlay\"><\/div>\n\t\t\t\t\t\t\t<div class=\"elementor-container elementor-column-gap-no\">\n\t\t\t\t\t<div class=\"elementor-column elementor-col-100 elementor-top-column elementor-element elementor-element-f60585f\" data-id=\"f60585f\" data-element_type=\"column\" data-e-type=\"column\">\n\t\t\t<div class=\"elementor-widget-wrap elementor-element-populated\">\n\t\t\t\t\t\t<div class=\"elementor-element elementor-element-438af913 elementor-widget elementor-widget-heading\" data-id=\"438af913\" data-element_type=\"widget\" data-e-type=\"widget\" data-widget_type=\"heading.default\">\n\t\t\t\t<div class=\"elementor-widget-container\">\n\t\t\t\t\t<h1 class=\"elementor-heading-title elementor-size-default\">PALVELUT<\/h1>\t\t\t\t<\/div>\n\t\t\t\t<\/div>\n\t\t\t\t\t<\/div>\n\t\t<\/div>\n\t\t\t\t\t<\/div>\n\t\t<\/section>\n\t\t\t\t<section class=\"elementor-section elementor-top-section elementor-element elementor-element-192c21f8 elementor-section-content-middle elementor-section-height-min-height elementor-section-items-top elementor-section-boxed elementor-section-height-default\" data-id=\"192c21f8\" data-element_type=\"section\" data-e-type=\"section\" data-settings=\"{&quot;background_background&quot;:&quot;classic&quot;}\">\n\t\t\t\t\t\t<div class=\"elementor-container elementor-column-gap-no\">\n\t\t\t\t\t<div class=\"elementor-column elementor-col-100 elementor-top-column elementor-element elementor-element-38d0c035\" data-id=\"38d0c035\" data-element_type=\"column\" data-e-type=\"column\">\n\t\t\t<div class=\"elementor-widget-wrap elementor-element-populated\">\n\t\t\t\t\t\t<div class=\"elementor-element elementor-element-3ac52e2e elementor-widget elementor-widget-heading\" data-id=\"3ac52e2e\" data-element_type=\"widget\" data-e-type=\"widget\" data-widget_type=\"heading.default\">\n\t\t\t\t<div class=\"elementor-widget-container\">\n\t\t\t\t\t<h5 class=\"elementor-heading-title elementor-size-default\">palvelumme<\/h5>\t\t\t\t<\/div>\n\t\t\t\t<\/div>\n\t\t\t\t<div class=\"elementor-element elementor-element-4089caaf elementor-widget elementor-widget-heading\" data-id=\"4089caaf\" data-element_type=\"widget\" data-e-type=\"widget\" data-widget_type=\"heading.default\">\n\t\t\t\t<div class=\"elementor-widget-container\">\n\t\t\t\t\t<h2 class=\"elementor-heading-title elementor-size-default\">Mittaus- ja suunnitteluty\u00f6t vankalla kokemuksella!<\/h2>\t\t\t\t<\/div>\n\t\t\t\t<\/div>\n\t\t\t\t\t<\/div>\n\t\t<\/div>\n\t\t\t\t\t<\/div>\n\t\t<\/section>\n\t\t\t\t<section class=\"elementor-section elementor-top-section elementor-element elementor-element-185e3c87 elementor-section-content-middle elementor-section-boxed elementor-section-height-default elementor-section-height-default\" data-id=\"185e3c87\" data-element_type=\"section\" data-e-type=\"section\" data-settings=\"{&quot;background_background&quot;:&quot;classic&quot;}\">\n\t\t\t\t\t\t<div class=\"elementor-container elementor-column-gap-no\">\n\t\t\t\t\t<div class=\"elementor-column elementor-col-100 elementor-top-column elementor-element elementor-element-3333ba71\" data-id=\"3333ba71\" data-element_type=\"column\" data-e-type=\"column\">\n\t\t\t<div class=\"elementor-widget-wrap elementor-element-populated\">\n\t\t\t\t\t\t<section class=\"elementor-section elementor-inner-section elementor-element elementor-element-52ab52c8 elementor-section-content-top elementor-section-boxed elementor-section-height-default elementor-section-height-default\" data-id=\"52ab52c8\" data-element_type=\"section\" data-e-type=\"section\">\n\t\t\t\t\t\t\t<div class=\"elementor-background-overlay\"><\/div>\n\t\t\t\t\t\t\t<div class=\"elementor-container elementor-column-gap-no\">\n\t\t\t\t\t<div class=\"elementor-column elementor-col-50 elementor-inner-column elementor-element elementor-element-32e95c43\" data-id=\"32e95c43\" data-element_type=\"column\" data-e-type=\"column\">\n\t\t\t<div class=\"elementor-widget-wrap elementor-element-populated\">\n\t\t\t\t\t\t<div class=\"elementor-element elementor-element-61836ca0 elementor-widget-divider--view-line elementor-widget elementor-widget-divider\" data-id=\"61836ca0\" data-element_type=\"widget\" data-e-type=\"widget\" data-widget_type=\"divider.default\">\n\t\t\t\t<div class=\"elementor-widget-container\">\n\t\t\t\t\t\t\t<div class=\"elementor-divider\">\n\t\t\t<span class=\"elementor-divider-separator\">\n\t\t\t\t\t\t<\/span>\n\t\t<\/div>\n\t\t\t\t\t\t<\/div>\n\t\t\t\t<\/div>\n\t\t\t\t<div class=\"elementor-element elementor-element-6b60724f elementor-widget elementor-widget-heading\" data-id=\"6b60724f\" data-element_type=\"widget\" data-e-type=\"widget\" data-widget_type=\"heading.default\">\n\t\t\t\t<div class=\"elementor-widget-container\">\n\t\t\t\t\t<h4 class=\"elementor-heading-title elementor-size-default\">Maadoitusimpedanssimittaukset<\/h4>\t\t\t\t<\/div>\n\t\t\t\t<\/div>\n\t\t\t\t<div class=\"elementor-element elementor-element-4f5a5780 elementor-widget elementor-widget-text-editor\" data-id=\"4f5a5780\" data-element_type=\"widget\" data-e-type=\"widget\" data-widget_type=\"text-editor.default\">\n\t\t\t\t<div class=\"elementor-widget-container\">\n\t\t\t\t\t\t\t\t\t<p>SFS 6001 -standard<span style=\"font-size: 15px;\">in mukaan maadoitusj\u00e4rjestelmien vaatimusten t\u00e4yttyminen tulee tarkastaa v\u00e4hint\u00e4\u00e4n 6 tai 12 vuoden v\u00e4lein riippuen maadoituksen rakenteesta.<\/span><\/p><p>K\u00e4yt\u00e4mme mittauksissa ensisijaisesti tarkinta V\/A -menetelm\u00e4\u00e4 20-400 kV avojohtoja ja kentt\u00e4kaapelia hy\u00f6dynt\u00e4en. Maadoitusj\u00e4rjestelm\u00e4st\u00e4 riippuen k\u00e4yt\u00e4mme my\u00f6s hieman suuremman tuloksen antavaa k\u00e4\u00e4nnepistemenetelm\u00e4\u00e4. Suoritamme my\u00f6s kosketusj\u00e4nnitteiden mittaukset tarpeen vaatiessa.<\/p><p><a href=\"http:\/\/www.s\u00e4hk\u00f6test.fi\/?page_id=333\">Kysy lis\u00e4\u00e4 ja l\u00e4het\u00e4 tarjouspyynt\u00f6!<\/a><\/p>\t\t\t\t\t\t\t\t<\/div>\n\t\t\t\t<\/div>\n\t\t\t\t<div class=\"elementor-element elementor-element-664602cb elementor-widget-divider--view-line elementor-widget elementor-widget-divider\" data-id=\"664602cb\" data-element_type=\"widget\" data-e-type=\"widget\" data-widget_type=\"divider.default\">\n\t\t\t\t<div class=\"elementor-widget-container\">\n\t\t\t\t\t\t\t<div class=\"elementor-divider\">\n\t\t\t<span class=\"elementor-divider-separator\">\n\t\t\t\t\t\t<\/span>\n\t\t<\/div>\n\t\t\t\t\t\t<\/div>\n\t\t\t\t<\/div>\n\t\t\t\t<div class=\"elementor-element elementor-element-227795dd elementor-widget elementor-widget-heading\" data-id=\"227795dd\" data-element_type=\"widget\" data-e-type=\"widget\" data-widget_type=\"heading.default\">\n\t\t\t\t<div class=\"elementor-widget-container\">\n\t\t\t\t\t<h4 class=\"elementor-heading-title elementor-size-default\">maanominaisvastusmittaukset\n<\/h4>\t\t\t\t<\/div>\n\t\t\t\t<\/div>\n\t\t\t\t<div class=\"elementor-element elementor-element-73912781 elementor-widget elementor-widget-text-editor\" data-id=\"73912781\" data-element_type=\"widget\" data-e-type=\"widget\" data-widget_type=\"text-editor.default\">\n\t\t\t\t<div class=\"elementor-widget-container\">\n\t\t\t\t\t\t\t\t\t<p>Mittaamme maaper\u00e4n resistiivisyyden maastossa k\u00e4ytt\u00e4en muun muassa Wennerin menetelm\u00e4\u00e4. K\u00e4yt\u00e4mme mittauksissa vain kalibroituja ja nykyaikaisia mittalaitteita.<\/p><p><a href=\"http:\/\/www.s\u00e4hk\u00f6test.fi\/?page_id=333\">Kysy lis\u00e4\u00e4 ja l\u00e4het\u00e4 tarjouspyynt\u00f6!<\/a><\/p>\t\t\t\t\t\t\t\t<\/div>\n\t\t\t\t<\/div>\n\t\t\t\t<div class=\"elementor-element elementor-element-cd53e79 elementor-widget-divider--view-line elementor-widget elementor-widget-divider\" data-id=\"cd53e79\" data-element_type=\"widget\" data-e-type=\"widget\" data-widget_type=\"divider.default\">\n\t\t\t\t<div class=\"elementor-widget-container\">\n\t\t\t\t\t\t\t<div class=\"elementor-divider\">\n\t\t\t<span class=\"elementor-divider-separator\">\n\t\t\t\t\t\t<\/span>\n\t\t<\/div>\n\t\t\t\t\t\t<\/div>\n\t\t\t\t<\/div>\n\t\t\t\t<div class=\"elementor-element elementor-element-f1b6aa1 elementor-widget elementor-widget-heading\" data-id=\"f1b6aa1\" data-element_type=\"widget\" data-e-type=\"widget\" data-widget_type=\"heading.default\">\n\t\t\t\t<div class=\"elementor-widget-container\">\n\t\t\t\t\t<h4 class=\"elementor-heading-title elementor-size-default\">Suurj\u00e4nnitepylv\u00e4iden maadoitusmittaukset\n<\/h4>\t\t\t\t<\/div>\n\t\t\t\t<\/div>\n\t\t\t\t<div class=\"elementor-element elementor-element-95c69cc elementor-widget elementor-widget-text-editor\" data-id=\"95c69cc\" data-element_type=\"widget\" data-e-type=\"widget\" data-widget_type=\"text-editor.default\">\n\t\t\t\t<div class=\"elementor-widget-container\">\n\t\t\t\t\t\t\t\t\t<p>K\u00e4yt\u00e4mme suurj\u00e4nnitepylv\u00e4iden maadoitusmittauksissa aina pylv\u00e4\u00e4lle parhaiten soveltuvaa mittausmenetelm\u00e4\u00e4. Mittauksien yhteydess\u00e4 tarkastamme my\u00f6s pylv\u00e4\u00e4n ymp\u00e4rist\u00f6n mahdolliset vaaraj\u00e4nnitekohteet. Mittauksien ja tarkasteluiden pohjalta teemme vaaraj\u00e4nniteselvityksen, josta selvi\u00e4\u00e4 mm. pylv\u00e4iden potentiaalik\u00e4yr\u00e4t ja mahdolliset vaaraj\u00e4nnitteet.\u00a0<\/p><p><a style=\"font-size: 15px; background-color: #f9f8f8;\" href=\"http:\/\/www.s\u00e4hk\u00f6test.fi\/?page_id=333\">Kysy lis\u00e4\u00e4 ja l\u00e4het\u00e4 tarjouspynt\u00f6!<\/a><\/p>\t\t\t\t\t\t\t\t<\/div>\n\t\t\t\t<\/div>\n\t\t\t\t\t<\/div>\n\t\t<\/div>\n\t\t\t\t<div class=\"elementor-column elementor-col-50 elementor-inner-column elementor-element elementor-element-7144f97e\" data-id=\"7144f97e\" data-element_type=\"column\" data-e-type=\"column\">\n\t\t\t<div class=\"elementor-widget-wrap elementor-element-populated\">\n\t\t\t\t\t\t<div class=\"elementor-element elementor-element-60d7905e elementor-widget-divider--view-line elementor-widget elementor-widget-divider\" data-id=\"60d7905e\" data-element_type=\"widget\" data-e-type=\"widget\" data-widget_type=\"divider.default\">\n\t\t\t\t<div class=\"elementor-widget-container\">\n\t\t\t\t\t\t\t<div class=\"elementor-divider\">\n\t\t\t<span class=\"elementor-divider-separator\">\n\t\t\t\t\t\t<\/span>\n\t\t<\/div>\n\t\t\t\t\t\t<\/div>\n\t\t\t\t<\/div>\n\t\t\t\t<div class=\"elementor-element elementor-element-406e1408 elementor-widget elementor-widget-heading\" data-id=\"406e1408\" data-element_type=\"widget\" data-e-type=\"widget\" data-widget_type=\"heading.default\">\n\t\t\t\t<div class=\"elementor-widget-container\">\n\t\t\t\t\t<h4 class=\"elementor-heading-title elementor-size-default\">Eheysmittaukset<\/h4>\t\t\t\t<\/div>\n\t\t\t\t<\/div>\n\t\t\t\t<div class=\"elementor-element elementor-element-56000fda elementor-widget elementor-widget-text-editor\" data-id=\"56000fda\" data-element_type=\"widget\" data-e-type=\"widget\" data-widget_type=\"text-editor.default\">\n\t\t\t\t<div class=\"elementor-widget-container\">\n\t\t\t\t\t\t\t\t\t<p>SFS 6001 -standardin mukaan maadoitusten eheys suositellaan tarkistettavan<\/p><ul><li>6 vuoden v\u00e4lein, mik\u00e4li maadoitus on toteutettu yhdell\u00e4 johtimella<\/li><li>12 vuoden v\u00e4lein, mik\u00e4li maadoitus on toteutettu kahdella johtimella<\/li><\/ul><p>Eheysmittaukset voidaan hyvin suorittaa samalla kertaa maadoitusimpedanssimittauksen kanssa.\u00a0<\/p><p><a href=\"http:\/\/www.s\u00e4hk\u00f6test.fi\/?page_id=333\">Kysy lis\u00e4\u00e4 ja l\u00e4het\u00e4 tarjouspyynt\u00f6!<\/a><\/p>\t\t\t\t\t\t\t\t<\/div>\n\t\t\t\t<\/div>\n\t\t\t\t<div class=\"elementor-element elementor-element-579be16e elementor-widget-divider--view-line elementor-widget elementor-widget-divider\" data-id=\"579be16e\" data-element_type=\"widget\" data-e-type=\"widget\" data-widget_type=\"divider.default\">\n\t\t\t\t<div class=\"elementor-widget-container\">\n\t\t\t\t\t\t\t<div class=\"elementor-divider\">\n\t\t\t<span class=\"elementor-divider-separator\">\n\t\t\t\t\t\t<\/span>\n\t\t<\/div>\n\t\t\t\t\t\t<\/div>\n\t\t\t\t<\/div>\n\t\t\t\t<div class=\"elementor-element elementor-element-2d19f61b elementor-widget elementor-widget-heading\" data-id=\"2d19f61b\" data-element_type=\"widget\" data-e-type=\"widget\" data-widget_type=\"heading.default\">\n\t\t\t\t<div class=\"elementor-widget-container\">\n\t\t\t\t\t<h4 class=\"elementor-heading-title elementor-size-default\">voimajohtojen maadoitussuunnittelut\n<\/h4>\t\t\t\t<\/div>\n\t\t\t\t<\/div>\n\t\t\t\t<div class=\"elementor-element elementor-element-63b7d96 elementor-widget elementor-widget-text-editor\" data-id=\"63b7d96\" data-element_type=\"widget\" data-e-type=\"widget\" data-widget_type=\"text-editor.default\">\n\t\t\t\t<div class=\"elementor-widget-container\">\n\t\t\t\t\t\t\t\t\t<p>Laaja kokemuksemme suurj\u00e4nnitepylv\u00e4iden maadoitussuunnittelusta ja vaaraj\u00e4nniteselvityksist\u00e4 takaa luotettavan ja asiantuntevan palvelun.&nbsp;<\/p>\n<p><a href=\"http:\/\/www.s\u00e4hk\u00f6test.fi\/?page_id=333\">Kysy lis\u00e4\u00e4 ja l\u00e4het\u00e4 tarjouspyynt\u00f6!<\/a><\/p>\t\t\t\t\t\t\t\t<\/div>\n\t\t\t\t<\/div>\n\t\t\t\t<div class=\"elementor-element elementor-element-955100e elementor-widget-divider--view-line elementor-widget elementor-widget-divider\" data-id=\"955100e\" data-element_type=\"widget\" data-e-type=\"widget\" data-widget_type=\"divider.default\">\n\t\t\t\t<div class=\"elementor-widget-container\">\n\t\t\t\t\t\t\t<div class=\"elementor-divider\">\n\t\t\t<span class=\"elementor-divider-separator\">\n\t\t\t\t\t\t<\/span>\n\t\t<\/div>\n\t\t\t\t\t\t<\/div>\n\t\t\t\t<\/div>\n\t\t\t\t<div class=\"elementor-element elementor-element-af3a542 elementor-widget elementor-widget-heading\" data-id=\"af3a542\" data-element_type=\"widget\" data-e-type=\"widget\" data-widget_type=\"heading.default\">\n\t\t\t\t<div class=\"elementor-widget-container\">\n\t\t\t\t\t<h4 class=\"elementor-heading-title elementor-size-default\">muut\n<\/h4>\t\t\t\t<\/div>\n\t\t\t\t<\/div>\n\t\t\t\t<div class=\"elementor-element elementor-element-fd73486 elementor-widget elementor-widget-text-editor\" data-id=\"fd73486\" data-element_type=\"widget\" data-e-type=\"widget\" data-widget_type=\"text-editor.default\">\n\t\t\t\t<div class=\"elementor-widget-container\">\n\t\t\t\t\t\t\t\t\t<p>Meill\u00e4 on laaja s\u00e4hk\u00f6asemien ja voimalaitosten <strong>k\u00e4ytt\u00f6\u00f6nottokokemus<\/strong> niin kotimaasta kuin ulkomailtakin. K\u00e4ytt\u00f6\u00f6nottoja olemme tehneet VEO Oy:lle muun muassa Ven\u00e4j\u00e4ll\u00e4, Virossa, Ruotsissa, Norjassa, Uruguayssa, Kolumbiassa ja Dominikaanisessa tasavallassa.<\/p>\n<p>Muita palveluitamme ovat muun muassa<\/p>\n<ul>\n<li>Vaaraj\u00e4nniteselvitykset<\/li><li>Laajan maadoitusverkon m\u00e4\u00e4ritt\u00e4minen<\/li>\n<li>L\u00e4mp\u00f6reletestaukset<\/li>\n<li>Ylimenovastusten mittaukset<\/li>\n<li>Muut maadoitusresistanssimittaukset<\/li>\n<\/ul>\n<div>Laitteistomme ja ammattitaitomme mahdollistavat my\u00f6s monia muita mittauksia ja palveluita.<\/div><div><br><\/div>\n<div><a href=\"http:\/\/www.s\u00e4hk\u00f6test.fi\/?page_id=333\">Kysy lis\u00e4\u00e4 ja l\u00e4het\u00e4 tarjouspynt\u00f6!<\/a><\/div>\t\t\t\t\t\t\t\t<\/div>\n\t\t\t\t<\/div>\n\t\t\t\t\t<\/div>\n\t\t<\/div>\n\t\t\t\t\t<\/div>\n\t\t<\/section>\n\t\t\t\t\t<\/div>\n\t\t<\/div>\n\t\t\t\t\t<\/div>\n\t\t<\/section>\n\t\t\t\t<\/div>\n\t\t","protected":false},"excerpt":{"rendered":"<p>PALVELUT palvelumme Mittaus- ja suunnitteluty\u00f6t vankalla kokemuksella! Maadoitusimpedanssimittaukset SFS 6001 -standardin mukaan maadoitusj\u00e4rjestelmien vaatimusten t\u00e4yttyminen tulee tarkastaa v\u00e4hint\u00e4\u00e4n 6 tai 12 vuoden v\u00e4lein riippuen maadoituksen rakenteesta. K\u00e4yt\u00e4mme mittauksissa ensisijaisesti tarkinta V\/A -menetelm\u00e4\u00e4 20-400 kV avojohtoja ja kentt\u00e4kaapelia hy\u00f6dynt\u00e4en. Maadoitusj\u00e4rjestelm\u00e4st\u00e4 riippuen k\u00e4yt\u00e4mme my\u00f6s hieman suuremman tuloksen antavaa k\u00e4\u00e4nnepistemenetelm\u00e4\u00e4. Suoritamme my\u00f6s kosketusj\u00e4nnitteiden mittaukset tarpeen vaatiessa. Kysy lis\u00e4\u00e4 [&hellip;]<\/p>\n","protected":false},"author":1,"featured_media":0,"parent":0,"menu_order":0,"comment_status":"closed","ping_status":"closed","template":"","meta":{"_uag_custom_page_level_css":"","site-sidebar-layout":"no-sidebar","site-content-layout":"page-builder","ast-site-content-layout":"full-width-container","site-content-style":"unboxed","site-sidebar-style":"unboxed","ast-global-header-display":"","ast-banner-title-visibility":"","ast-main-header-display":"","ast-hfb-above-header-display":"","ast-hfb-below-header-display":"","ast-hfb-mobile-header-display":"","site-post-title":"disabled","ast-breadcrumbs-content":"","ast-featured-img":"disabled","footer-sml-layout":"","ast-disable-related-posts":"","theme-transparent-header-meta":"enabled","adv-header-id-meta":"","stick-header-meta":"","header-above-stick-meta":"","header-main-stick-meta":"","header-below-stick-meta":"","astra-migrate-meta-layouts":"set","ast-page-background-enabled":"default","ast-page-background-meta":{"desktop":{"background-color":"","background-image":"","background-repeat":"repeat","background-position":"center center","background-size":"auto","background-attachment":"scroll","background-type":"","background-media":"","overlay-type":"","overlay-color":"","overlay-opacity":"","overlay-gradient":""},"tablet":{"background-color":"","background-image":"","background-repeat":"repeat","background-position":"center center","background-size":"auto","background-attachment":"scroll","background-type":"","background-media":"","overlay-type":"","overlay-color":"","overlay-opacity":"","overlay-gradient":""},"mobile":{"background-color":"","background-image":"","background-repeat":"repeat","background-position":"center center","background-size":"auto","background-attachment":"scroll","background-type":"","background-media":"","overlay-type":"","overlay-color":"","overlay-opacity":"","overlay-gradient":""}},"ast-content-background-meta":{"desktop":{"background-color":"var(--ast-global-color-5)","background-image":"","background-repeat":"repeat","background-position":"center center","background-size":"auto","background-attachment":"scroll","background-type":"","background-media":"","overlay-type":"","overlay-color":"","overlay-opacity":"","overlay-gradient":""},"tablet":{"background-color":"var(--ast-global-color-5)","background-image":"","background-repeat":"repeat","background-position":"center center","background-size":"auto","background-attachment":"scroll","background-type":"","background-media":"","overlay-type":"","overlay-color":"","overlay-opacity":"","overlay-gradient":""},"mobile":{"background-color":"var(--ast-global-color-5)","background-image":"","background-repeat":"repeat","background-position":"center center","background-size":"auto","background-attachment":"scroll","background-type":"","background-media":"","overlay-type":"","overlay-color":"","overlay-opacity":"","overlay-gradient":""}},"footnotes":""},"class_list":["post-331","page","type-page","status-publish","hentry"],"uagb_featured_image_src":{"full":false,"thumbnail":false,"medium":false,"medium_large":false,"large":false,"1536x1536":false,"2048x2048":false},"uagb_author_info":{"display_name":"admin","author_link":"https:\/\/www.xn--shktest-5wa8n.fi\/?author=1"},"uagb_comment_info":0,"uagb_excerpt":"PALVELUT palvelumme Mittaus- ja suunnitteluty\u00f6t vankalla kokemuksella! Maadoitusimpedanssimittaukset SFS 6001 -standardin mukaan maadoitusj\u00e4rjestelmien vaatimusten t\u00e4yttyminen tulee tarkastaa v\u00e4hint\u00e4\u00e4n 6 tai 12 vuoden v\u00e4lein riippuen maadoituksen rakenteesta. K\u00e4yt\u00e4mme mittauksissa ensisijaisesti tarkinta V\/A -menetelm\u00e4\u00e4 20-400 kV avojohtoja ja kentt\u00e4kaapelia hy\u00f6dynt\u00e4en. Maadoitusj\u00e4rjestelm\u00e4st\u00e4 riippuen k\u00e4yt\u00e4mme my\u00f6s hieman suuremman tuloksen antavaa k\u00e4\u00e4nnepistemenetelm\u00e4\u00e4. Suoritamme my\u00f6s kosketusj\u00e4nnitteiden mittaukset tarpeen vaatiessa. Kysy lis\u00e4\u00e4&hellip;","_links":{"self":[{"href":"https:\/\/www.xn--shktest-5wa8n.fi\/index.php?rest_route=\/wp\/v2\/pages\/331","targetHints":{"allow":["GET"]}}],"collection":[{"href":"https:\/\/www.xn--shktest-5wa8n.fi\/index.php?rest_route=\/wp\/v2\/pages"}],"about":[{"href":"https:\/\/www.xn--shktest-5wa8n.fi\/index.php?rest_route=\/wp\/v2\/types\/page"}],"author":[{"embeddable":true,"href":"https:\/\/www.xn--shktest-5wa8n.fi\/index.php?rest_route=\/wp\/v2\/users\/1"}],"replies":[{"embeddable":true,"href":"https:\/\/www.xn--shktest-5wa8n.fi\/index.php?rest_route=%2Fwp%2Fv2%2Fcomments&post=331"}],"version-history":[{"count":28,"href":"https:\/\/www.xn--shktest-5wa8n.fi\/index.php?rest_route=\/wp\/v2\/pages\/331\/revisions"}],"predecessor-version":[{"id":504,"href":"https:\/\/www.xn--shktest-5wa8n.fi\/index.php?rest_route=\/wp\/v2\/pages\/331\/revisions\/504"}],"wp:attachment":[{"href":"https:\/\/www.xn--shktest-5wa8n.fi\/index.php?rest_route=%2Fwp%2Fv2%2Fmedia&parent=331"}],"curies":[{"name":"wp","href":"https:\/\/api.w.org\/{rel}","templated":true}]}}