{"id":6,"date":"2018-11-26T12:45:27","date_gmt":"2018-11-26T12:45:27","guid":{"rendered":"https:\/\/websitedemos.net\/alex26\/?page_id=6"},"modified":"2024-03-04T20:04:41","modified_gmt":"2024-03-04T17:04:41","slug":"home","status":"publish","type":"page","link":"https:\/\/www.xn--shktest-5wa8n.fi\/","title":{"rendered":"ETUSIVU"},"content":{"rendered":"\t\t<div data-elementor-type=\"wp-post\" data-elementor-id=\"6\" class=\"elementor elementor-6\">\n\t\t\t\t\t\t<section class=\"elementor-section elementor-top-section elementor-element elementor-element-5ec671b7 elementor-section-content-middle elementor-section-boxed elementor-section-height-default elementor-section-height-default\" data-id=\"5ec671b7\" data-element_type=\"section\" data-e-type=\"section\" data-settings=\"{&quot;background_background&quot;:&quot;classic&quot;}\">\n\t\t\t\t\t\t\t<div class=\"elementor-background-overlay\"><\/div>\n\t\t\t\t\t\t\t<div class=\"elementor-container elementor-column-gap-no\">\n\t\t\t\t\t<div class=\"elementor-column elementor-col-100 elementor-top-column elementor-element elementor-element-1ba84b9d\" data-id=\"1ba84b9d\" data-element_type=\"column\" data-e-type=\"column\">\n\t\t\t<div class=\"elementor-widget-wrap elementor-element-populated\">\n\t\t\t\t\t\t<div class=\"elementor-element elementor-element-660e715a elementor-widget elementor-widget-heading\" data-id=\"660e715a\" data-element_type=\"widget\" data-e-type=\"widget\" data-widget_type=\"heading.default\">\n\t\t\t\t<div class=\"elementor-widget-container\">\n\t\t\t\t\t<h5 class=\"elementor-heading-title elementor-size-default\">yli 40 vuoden mittaus- ja suunnittelukokemuksella<\/h5>\t\t\t\t<\/div>\n\t\t\t\t<\/div>\n\t\t\t\t<div class=\"elementor-element elementor-element-63360b64 elementor-widget elementor-widget-heading\" data-id=\"63360b64\" data-element_type=\"widget\" data-e-type=\"widget\" data-widget_type=\"heading.default\">\n\t\t\t\t<div class=\"elementor-widget-container\">\n\t\t\t\t\t<h1 class=\"elementor-heading-title elementor-size-default\">s\u00e4hk\u00f6 test<\/h1>\t\t\t\t<\/div>\n\t\t\t\t<\/div>\n\t\t\t\t<div class=\"elementor-element elementor-element-2876fe13 elementor-view-default elementor-widget elementor-widget-icon\" data-id=\"2876fe13\" data-element_type=\"widget\" data-e-type=\"widget\" data-widget_type=\"icon.default\">\n\t\t\t\t<div class=\"elementor-widget-container\">\n\t\t\t\t\t\t\t<div class=\"elementor-icon-wrapper\">\n\t\t\t<div class=\"elementor-icon\">\n\t\t\t<i aria-hidden=\"true\" class=\"fas fa-long-arrow-alt-down\"><\/i>\t\t\t<\/div>\n\t\t<\/div>\n\t\t\t\t\t\t<\/div>\n\t\t\t\t<\/div>\n\t\t\t\t\t<\/div>\n\t\t<\/div>\n\t\t\t\t\t<\/div>\n\t\t<\/section>\n\t\t\t\t<section class=\"elementor-section elementor-top-section elementor-element elementor-element-3f506a9d elementor-section-content-middle elementor-section-boxed elementor-section-height-default elementor-section-height-default\" data-id=\"3f506a9d\" data-element_type=\"section\" data-e-type=\"section\">\n\t\t\t\t\t\t<div class=\"elementor-container elementor-column-gap-no\">\n\t\t\t\t\t<div class=\"elementor-column elementor-col-100 elementor-top-column elementor-element elementor-element-74aefa7f\" data-id=\"74aefa7f\" data-element_type=\"column\" data-e-type=\"column\">\n\t\t\t<div class=\"elementor-widget-wrap elementor-element-populated\">\n\t\t\t\t\t\t<div class=\"elementor-element elementor-element-42255f0a elementor-widget elementor-widget-heading\" data-id=\"42255f0a\" data-element_type=\"widget\" data-e-type=\"widget\" data-widget_type=\"heading.default\">\n\t\t\t\t<div class=\"elementor-widget-container\">\n\t\t\t\t\t<h5 class=\"elementor-heading-title elementor-size-default\">Tietoa Meist\u00e4<\/h5>\t\t\t\t<\/div>\n\t\t\t\t<\/div>\n\t\t\t\t<div class=\"elementor-element elementor-element-f8276d7 elementor-widget-mobile__width-initial elementor-widget elementor-widget-heading\" data-id=\"f8276d7\" data-element_type=\"widget\" data-e-type=\"widget\" data-widget_type=\"heading.default\">\n\t\t\t\t<div class=\"elementor-widget-container\">\n\t\t\t\t\t<h2 class=\"elementor-heading-title elementor-size-default\">Yli 40 vuotta s\u00e4hk\u00f6asema-kokemusta!<\/h2>\t\t\t\t<\/div>\n\t\t\t\t<\/div>\n\t\t\t\t<div class=\"elementor-element elementor-element-a26f254 elementor-widget elementor-widget-text-editor\" data-id=\"a26f254\" data-element_type=\"widget\" data-e-type=\"widget\" data-widget_type=\"text-editor.default\">\n\t\t\t\t<div class=\"elementor-widget-container\">\n\t\t\t\t\t\t\t\t\t<p>Oy S\u00e4hk\u00f6 Test Vaasa on perustettu vuonna 1990.<\/p><p>\u00a0Olemme tehneet monia erilaisia suunnittelut\u00f6it\u00e4 ja mittauksia useille s\u00e4hk\u00f6yhti\u00f6ille ja suurille energia-alan yrityksille.<\/p><p>Asiakkaitamme ovat muun muassa Veo Oy, NRC Group Finland Oy ja FCG Finnish Consulting Group Oy.<\/p>\t\t\t\t\t\t\t\t<\/div>\n\t\t\t\t<\/div>\n\t\t\t\t\t<\/div>\n\t\t<\/div>\n\t\t\t\t\t<\/div>\n\t\t<\/section>\n\t\t\t\t<section class=\"elementor-section elementor-top-section elementor-element elementor-element-137f881d elementor-section-content-middle elementor-section-boxed elementor-section-height-default elementor-section-height-default\" data-id=\"137f881d\" data-element_type=\"section\" data-e-type=\"section\" data-settings=\"{&quot;background_background&quot;:&quot;classic&quot;}\">\n\t\t\t\t\t\t\t<div class=\"elementor-background-overlay\"><\/div>\n\t\t\t\t\t\t\t<div class=\"elementor-container elementor-column-gap-no\">\n\t\t\t\t\t<div class=\"elementor-column elementor-col-100 elementor-top-column elementor-element elementor-element-1406fbfa\" data-id=\"1406fbfa\" data-element_type=\"column\" data-e-type=\"column\">\n\t\t\t<div class=\"elementor-widget-wrap elementor-element-populated\">\n\t\t\t\t\t\t<div class=\"elementor-element elementor-element-38704f5 elementor-widget elementor-widget-text-editor\" data-id=\"38704f5\" data-element_type=\"widget\" data-e-type=\"widget\" data-widget_type=\"text-editor.default\">\n\t\t\t\t<div class=\"elementor-widget-container\">\n\t\t\t\t\t\t\t\t\t<h2><span style=\"font-size: 34px; color: #ffffff;\">S\u00e4hk\u00f6asemien ja maadoitusten asiantuntija<\/span><\/h2><h2><span style=\"color: #d94948; font-size: 34px;\">\u00a0<\/span><span style=\"font-size: 34px; color: #d94948;\">yli 40 vuoden<\/span><\/h2><h2><span style=\"color: #ffffff; font-size: 34px;\"> kokemuksella.<\/span><\/h2>\t\t\t\t\t\t\t\t<\/div>\n\t\t\t\t<\/div>\n\t\t\t\t<div class=\"elementor-element elementor-element-28eaea2 elementor-widget elementor-widget-heading\" data-id=\"28eaea2\" data-element_type=\"widget\" data-e-type=\"widget\" data-widget_type=\"heading.default\">\n\t\t\t\t<div class=\"elementor-widget-container\">\n\t\t\t\t\t<h4 class=\"elementor-heading-title elementor-size-large\"><br><br>Erikoisosaamiseemme kuuluu<br>s\u00e4hk\u00f6asemien ja maadoitusten suunnittelu<br>ja erilaiset mittaukset.<br><br><\/h4>\t\t\t\t<\/div>\n\t\t\t\t<\/div>\n\t\t\t\t<div class=\"elementor-element elementor-element-86c708f elementor-widget-divider--view-line elementor-widget elementor-widget-divider\" data-id=\"86c708f\" data-element_type=\"widget\" data-e-type=\"widget\" data-widget_type=\"divider.default\">\n\t\t\t\t<div class=\"elementor-widget-container\">\n\t\t\t\t\t\t\t<div class=\"elementor-divider\">\n\t\t\t<span class=\"elementor-divider-separator\">\n\t\t\t\t\t\t<\/span>\n\t\t<\/div>\n\t\t\t\t\t\t<\/div>\n\t\t\t\t<\/div>\n\t\t\t\t<div class=\"elementor-element elementor-element-3804843 elementor-widget__width-initial elementor-widget elementor-widget-heading\" data-id=\"3804843\" data-element_type=\"widget\" data-e-type=\"widget\" data-widget_type=\"heading.default\">\n\t\t\t\t<div class=\"elementor-widget-container\">\n\t\t\t\t\t<h4 class=\"elementor-heading-title elementor-size-default\">maadoitusimpedanssimittaukset<\/h4>\t\t\t\t<\/div>\n\t\t\t\t<\/div>\n\t\t\t\t<div class=\"elementor-element elementor-element-be03b7d elementor-widget elementor-widget-text-editor\" data-id=\"be03b7d\" data-element_type=\"widget\" data-e-type=\"widget\" data-widget_type=\"text-editor.default\">\n\t\t\t\t<div class=\"elementor-widget-container\">\n\t\t\t\t\t\t\t\t\t<p>Meill\u00e4 on kokemusta maadoitusimpedanssimittauksista jo vuodesta 1977 alkaen. Suoritamme mittaukset niin laajoille kuin suppeille maadoituksille. <a href=\"http:\/\/www.s\u00e4hk\u00f6test.fi\/?page_id=333\">Ota yhteytt\u00e4<\/a> tai <a href=\"http:\/\/www.s\u00e4hk\u00f6test.fi\/?page_id=331\">lue lis\u00e4\u00e4<\/a>!<\/p>\t\t\t\t\t\t\t\t<\/div>\n\t\t\t\t<\/div>\n\t\t\t\t<div class=\"elementor-element elementor-element-87c2b5e elementor-widget-divider--view-line elementor-widget elementor-widget-divider\" data-id=\"87c2b5e\" data-element_type=\"widget\" data-e-type=\"widget\" data-widget_type=\"divider.default\">\n\t\t\t\t<div class=\"elementor-widget-container\">\n\t\t\t\t\t\t\t<div class=\"elementor-divider\">\n\t\t\t<span class=\"elementor-divider-separator\">\n\t\t\t\t\t\t<\/span>\n\t\t<\/div>\n\t\t\t\t\t\t<\/div>\n\t\t\t\t<\/div>\n\t\t\t\t<div class=\"elementor-element elementor-element-8814df7 elementor-widget__width-initial elementor-widget elementor-widget-heading\" data-id=\"8814df7\" data-element_type=\"widget\" data-e-type=\"widget\" data-widget_type=\"heading.default\">\n\t\t\t\t<div class=\"elementor-widget-container\">\n\t\t\t\t\t<h4 class=\"elementor-heading-title elementor-size-default\">eheysmittaukset<\/h4>\t\t\t\t<\/div>\n\t\t\t\t<\/div>\n\t\t\t\t<div class=\"elementor-element elementor-element-d3b08ee elementor-widget elementor-widget-text-editor\" data-id=\"d3b08ee\" data-element_type=\"widget\" data-e-type=\"widget\" data-widget_type=\"text-editor.default\">\n\t\t\t\t<div class=\"elementor-widget-container\">\n\t\t\t\t\t\t\t\t\t<p>Suurj\u00e4nnitej\u00e4rjestelm\u00e4n maadoitusten eheys on tarkastettava m\u00e4\u00e4r\u00e4v\u00e4lein. <a href=\"http:\/\/www.s\u00e4hk\u00f6test.fi\/?page_id=333\">Ota yhteytt\u00e4<\/a> tai <a href=\"http:\/\/www.s\u00e4hk\u00f6test.fi\/?page_id=331\">lue lis\u00e4\u00e4<\/a>!<\/p>\t\t\t\t\t\t\t\t<\/div>\n\t\t\t\t<\/div>\n\t\t\t\t<div class=\"elementor-element elementor-element-ffc652e elementor-widget-divider--view-line elementor-widget elementor-widget-divider\" data-id=\"ffc652e\" data-element_type=\"widget\" data-e-type=\"widget\" data-widget_type=\"divider.default\">\n\t\t\t\t<div class=\"elementor-widget-container\">\n\t\t\t\t\t\t\t<div class=\"elementor-divider\">\n\t\t\t<span class=\"elementor-divider-separator\">\n\t\t\t\t\t\t<\/span>\n\t\t<\/div>\n\t\t\t\t\t\t<\/div>\n\t\t\t\t<\/div>\n\t\t\t\t<div class=\"elementor-element elementor-element-0f652a4 elementor-widget__width-initial elementor-widget elementor-widget-heading\" data-id=\"0f652a4\" data-element_type=\"widget\" data-e-type=\"widget\" data-widget_type=\"heading.default\">\n\t\t\t\t<div class=\"elementor-widget-container\">\n\t\t\t\t\t<h4 class=\"elementor-heading-title elementor-size-default\">maanominaisvastusmittaukset<\/h4>\t\t\t\t<\/div>\n\t\t\t\t<\/div>\n\t\t\t\t<div class=\"elementor-element elementor-element-9dc2c26 elementor-widget elementor-widget-text-editor\" data-id=\"9dc2c26\" data-element_type=\"widget\" data-e-type=\"widget\" data-widget_type=\"text-editor.default\">\n\t\t\t\t<div class=\"elementor-widget-container\">\n\t\t\t\t\t\t\t\t\t<p>Mittaamme maaper\u00e4n resistiivisyyden maastossa. <a href=\"http:\/\/www.s\u00e4hk\u00f6test.fi\/?page_id=333\">Ota yhteytt\u00e4<\/a> tai <a href=\"http:\/\/www.s\u00e4hk\u00f6test.fi\/?page_id=331\">lue lis\u00e4\u00e4<\/a>!<\/p>\t\t\t\t\t\t\t\t<\/div>\n\t\t\t\t<\/div>\n\t\t\t\t<div class=\"elementor-element elementor-element-356e5c1 elementor-widget-divider--view-line elementor-widget elementor-widget-divider\" data-id=\"356e5c1\" data-element_type=\"widget\" data-e-type=\"widget\" data-widget_type=\"divider.default\">\n\t\t\t\t<div class=\"elementor-widget-container\">\n\t\t\t\t\t\t\t<div class=\"elementor-divider\">\n\t\t\t<span class=\"elementor-divider-separator\">\n\t\t\t\t\t\t<\/span>\n\t\t<\/div>\n\t\t\t\t\t\t<\/div>\n\t\t\t\t<\/div>\n\t\t\t\t<div class=\"elementor-element elementor-element-b0b41be elementor-widget__width-initial elementor-widget elementor-widget-heading\" data-id=\"b0b41be\" data-element_type=\"widget\" data-e-type=\"widget\" data-widget_type=\"heading.default\">\n\t\t\t\t<div class=\"elementor-widget-container\">\n\t\t\t\t\t<h4 class=\"elementor-heading-title elementor-size-default\">Voimajohtojen maadoitussuunnittelu<\/h4>\t\t\t\t<\/div>\n\t\t\t\t<\/div>\n\t\t\t\t<div class=\"elementor-element elementor-element-5b579aa elementor-widget elementor-widget-text-editor\" data-id=\"5b579aa\" data-element_type=\"widget\" data-e-type=\"widget\" data-widget_type=\"text-editor.default\">\n\t\t\t\t<div class=\"elementor-widget-container\">\n\t\t\t\t\t\t\t\t\t<p>Teemme suurj\u00e4nnitepylv\u00e4iden maadoitussuunnitteluja ja vaaraj\u00e4nniteselvityksi\u00e4. <a href=\"http:\/\/www.s\u00e4hk\u00f6test.fi\/?page_id=333\">Ota yhteytt\u00e4<\/a> tai <a href=\"http:\/\/www.s\u00e4hk\u00f6test.fi\/?page_id=331\">lue lis\u00e4\u00e4<\/a>!<\/p>\t\t\t\t\t\t\t\t<\/div>\n\t\t\t\t<\/div>\n\t\t\t\t<div class=\"elementor-element elementor-element-115f380 elementor-widget-divider--view-line elementor-widget elementor-widget-divider\" data-id=\"115f380\" data-element_type=\"widget\" data-e-type=\"widget\" data-widget_type=\"divider.default\">\n\t\t\t\t<div class=\"elementor-widget-container\">\n\t\t\t\t\t\t\t<div class=\"elementor-divider\">\n\t\t\t<span class=\"elementor-divider-separator\">\n\t\t\t\t\t\t<\/span>\n\t\t<\/div>\n\t\t\t\t\t\t<\/div>\n\t\t\t\t<\/div>\n\t\t\t\t<div class=\"elementor-element elementor-element-58ce9c8 elementor-widget__width-initial elementor-widget elementor-widget-heading\" data-id=\"58ce9c8\" data-element_type=\"widget\" data-e-type=\"widget\" data-widget_type=\"heading.default\">\n\t\t\t\t<div class=\"elementor-widget-container\">\n\t\t\t\t\t<h4 class=\"elementor-heading-title elementor-size-default\">Suurj\u00e4nnitepylv\u00e4iden maadoitusmittaukset<\/h4>\t\t\t\t<\/div>\n\t\t\t\t<\/div>\n\t\t\t\t<div class=\"elementor-element elementor-element-97e2b73 elementor-widget elementor-widget-text-editor\" data-id=\"97e2b73\" data-element_type=\"widget\" data-e-type=\"widget\" data-widget_type=\"text-editor.default\">\n\t\t\t\t<div class=\"elementor-widget-container\">\n\t\t\t\t\t\t\t\t\t<p>Suurj\u00e4nnitepylv\u00e4iden maadoitusresistanssit on mitattava m\u00e4\u00e4r\u00e4v\u00e4lein. <a href=\"http:\/\/www.s\u00e4hk\u00f6test.fi\/?page_id=333\">Ota yhteytt\u00e4<\/a> tai <a href=\"http:\/\/www.s\u00e4hk\u00f6test.fi\/?page_id=331\">lue lis\u00e4\u00e4<\/a>!<\/p>\t\t\t\t\t\t\t\t<\/div>\n\t\t\t\t<\/div>\n\t\t\t\t<div class=\"elementor-element elementor-element-194af0c elementor-widget-divider--view-line elementor-widget elementor-widget-divider\" data-id=\"194af0c\" data-element_type=\"widget\" data-e-type=\"widget\" data-widget_type=\"divider.default\">\n\t\t\t\t<div class=\"elementor-widget-container\">\n\t\t\t\t\t\t\t<div class=\"elementor-divider\">\n\t\t\t<span class=\"elementor-divider-separator\">\n\t\t\t\t\t\t<\/span>\n\t\t<\/div>\n\t\t\t\t\t\t<\/div>\n\t\t\t\t<\/div>\n\t\t\t\t<div class=\"elementor-element elementor-element-9a02e9e elementor-widget__width-initial elementor-widget-tablet__width-initial elementor-widget-mobile__width-initial elementor-widget elementor-widget-heading\" data-id=\"9a02e9e\" data-element_type=\"widget\" data-e-type=\"widget\" data-widget_type=\"heading.default\">\n\t\t\t\t<div class=\"elementor-widget-container\">\n\t\t\t\t\t<h4 class=\"elementor-heading-title elementor-size-default\">MUUT<\/h4>\t\t\t\t<\/div>\n\t\t\t\t<\/div>\n\t\t\t\t<div class=\"elementor-element elementor-element-14780e7 elementor-widget elementor-widget-text-editor\" data-id=\"14780e7\" data-element_type=\"widget\" data-e-type=\"widget\" data-widget_type=\"text-editor.default\">\n\t\t\t\t<div class=\"elementor-widget-container\">\n\t\t\t\t\t\t\t\t\t<p>mm. erilaiset selvitykset, kuten induktiovaaraj\u00e4nniteselvitykset tai laajan maadoitusj\u00e4rjestelm\u00e4n m\u00e4\u00e4ritt\u00e4minen, l\u00e4mp\u00f6reletestaukset sek\u00e4 s\u00e4hk\u00f6asemien k\u00e4ytt\u00f6\u00f6notot ja suunnitteluty\u00f6t. <a href=\"http:\/\/www.s\u00e4hk\u00f6test.fi\/?page_id=333\">Ota yhteytt\u00e4<\/a> tai <a href=\"http:\/\/www.s\u00e4hk\u00f6test.fi\/?page_id=331\">lue lis\u00e4\u00e4<\/a>!<\/p>\t\t\t\t\t\t\t\t<\/div>\n\t\t\t\t<\/div>\n\t\t\t\t<div class=\"elementor-element elementor-element-1d017db elementor-align-center elementor-widget elementor-widget-button\" data-id=\"1d017db\" data-element_type=\"widget\" data-e-type=\"widget\" data-widget_type=\"button.default\">\n\t\t\t\t<div class=\"elementor-widget-container\">\n\t\t\t\t\t\t\t\t\t<div class=\"elementor-button-wrapper\">\n\t\t\t\t\t<a class=\"elementor-button elementor-button-link elementor-size-sm\" href=\"http:\/\/www.s\u00e4hk\u00f6test.fi\/?page_id=331\">\n\t\t\t\t\t\t<span class=\"elementor-button-content-wrapper\">\n\t\t\t\t\t\t\t\t\t<span class=\"elementor-button-text\">LUE LIS\u00c4\u00c4 PALVELUISTAMME<\/span>\n\t\t\t\t\t<\/span>\n\t\t\t\t\t<\/a>\n\t\t\t\t<\/div>\n\t\t\t\t\t\t\t\t<\/div>\n\t\t\t\t<\/div>\n\t\t\t\t\t<\/div>\n\t\t<\/div>\n\t\t\t\t\t<\/div>\n\t\t<\/section>\n\t\t\t\t<\/div>\n\t\t","protected":false},"excerpt":{"rendered":"<p>yli 40 vuoden mittaus- ja suunnittelukokemuksella s\u00e4hk\u00f6 test Tietoa Meist\u00e4 Yli 40 vuotta s\u00e4hk\u00f6asema-kokemusta! Oy S\u00e4hk\u00f6 Test Vaasa on perustettu vuonna 1990. \u00a0Olemme tehneet monia erilaisia suunnittelut\u00f6it\u00e4 ja mittauksia useille s\u00e4hk\u00f6yhti\u00f6ille ja suurille energia-alan yrityksille. Asiakkaitamme ovat muun muassa Veo Oy, NRC Group Finland Oy ja FCG Finnish Consulting Group Oy. S\u00e4hk\u00f6asemien ja maadoitusten asiantuntija [&hellip;]<\/p>\n","protected":false},"author":1,"featured_media":402,"parent":0,"menu_order":0,"comment_status":"closed","ping_status":"closed","template":"","meta":{"_uag_custom_page_level_css":"","site-sidebar-layout":"no-sidebar","site-content-layout":"page-builder","ast-site-content-layout":"full-width-container","site-content-style":"unboxed","site-sidebar-style":"unboxed","ast-global-header-display":"","ast-banner-title-visibility":"","ast-main-header-display":"","ast-hfb-above-header-display":"","ast-hfb-below-header-display":"","ast-hfb-mobile-header-display":"","site-post-title":"disabled","ast-breadcrumbs-content":"","ast-featured-img":"disabled","footer-sml-layout":"","ast-disable-related-posts":"","theme-transparent-header-meta":"enabled","adv-header-id-meta":"","stick-header-meta":"","header-above-stick-meta":"","header-main-stick-meta":"","header-below-stick-meta":"","astra-migrate-meta-layouts":"set","ast-page-background-enabled":"default","ast-page-background-meta":{"desktop":{"background-color":"","background-image":"","background-repeat":"repeat","background-position":"center center","background-size":"auto","background-attachment":"scroll","background-type":"","background-media":"","overlay-type":"","overlay-color":"","overlay-opacity":"","overlay-gradient":""},"tablet":{"background-color":"","background-image":"","background-repeat":"repeat","background-position":"center center","background-size":"auto","background-attachment":"scroll","background-type":"","background-media":"","overlay-type":"","overlay-color":"","overlay-opacity":"","overlay-gradient":""},"mobile":{"background-color":"","background-image":"","background-repeat":"repeat","background-position":"center center","background-size":"auto","background-attachment":"scroll","background-type":"","background-media":"","overlay-type":"","overlay-color":"","overlay-opacity":"","overlay-gradient":""}},"ast-content-background-meta":{"desktop":{"background-color":"var(--ast-global-color-5)","background-image":"","background-repeat":"repeat","background-position":"center center","background-size":"auto","background-attachment":"scroll","background-type":"","background-media":"","overlay-type":"","overlay-color":"","overlay-opacity":"","overlay-gradient":""},"tablet":{"background-color":"var(--ast-global-color-5)","background-image":"","background-repeat":"repeat","background-position":"center center","background-size":"auto","background-attachment":"scroll","background-type":"","background-media":"","overlay-type":"","overlay-color":"","overlay-opacity":"","overlay-gradient":""},"mobile":{"background-color":"var(--ast-global-color-5)","background-image":"","background-repeat":"repeat","background-position":"center center","background-size":"auto","background-attachment":"scroll","background-type":"","background-media":"","overlay-type":"","overlay-color":"","overlay-opacity":"","overlay-gradient":""}},"footnotes":""},"class_list":["post-6","page","type-page","status-publish","has-post-thumbnail","hentry"],"uagb_featured_image_src":{"full":["https:\/\/www.xn--shktest-5wa8n.fi\/wp-content\/uploads\/2019\/09\/Aurinko-voimalinja.jpg",4567,3045,false],"thumbnail":["https:\/\/www.xn--shktest-5wa8n.fi\/wp-content\/uploads\/2019\/09\/Aurinko-voimalinja-150x150.jpg",150,150,true],"medium":["https:\/\/www.xn--shktest-5wa8n.fi\/wp-content\/uploads\/2019\/09\/Aurinko-voimalinja-300x200.jpg",300,200,true],"medium_large":["https:\/\/www.xn--shktest-5wa8n.fi\/wp-content\/uploads\/2019\/09\/Aurinko-voimalinja-768x512.jpg",768,512,true],"large":["https:\/\/www.xn--shktest-5wa8n.fi\/wp-content\/uploads\/2019\/09\/Aurinko-voimalinja-1024x683.jpg",1024,683,true],"1536x1536":["https:\/\/www.xn--shktest-5wa8n.fi\/wp-content\/uploads\/2019\/09\/Aurinko-voimalinja.jpg",1536,1024,false],"2048x2048":["https:\/\/www.xn--shktest-5wa8n.fi\/wp-content\/uploads\/2019\/09\/Aurinko-voimalinja.jpg",2048,1365,false]},"uagb_author_info":{"display_name":"admin","author_link":"https:\/\/www.xn--shktest-5wa8n.fi\/?author=1"},"uagb_comment_info":0,"uagb_excerpt":"yli 40 vuoden mittaus- ja suunnittelukokemuksella s\u00e4hk\u00f6 test Tietoa Meist\u00e4 Yli 40 vuotta s\u00e4hk\u00f6asema-kokemusta! Oy S\u00e4hk\u00f6 Test Vaasa on perustettu vuonna 1990. \u00a0Olemme tehneet monia erilaisia suunnittelut\u00f6it\u00e4 ja mittauksia useille s\u00e4hk\u00f6yhti\u00f6ille ja suurille energia-alan yrityksille. Asiakkaitamme ovat muun muassa Veo Oy, NRC Group Finland Oy ja FCG Finnish Consulting Group Oy. S\u00e4hk\u00f6asemien ja maadoitusten asiantuntija&hellip;","_links":{"self":[{"href":"https:\/\/www.xn--shktest-5wa8n.fi\/index.php?rest_route=\/wp\/v2\/pages\/6","targetHints":{"allow":["GET"]}}],"collection":[{"href":"https:\/\/www.xn--shktest-5wa8n.fi\/index.php?rest_route=\/wp\/v2\/pages"}],"about":[{"href":"https:\/\/www.xn--shktest-5wa8n.fi\/index.php?rest_route=\/wp\/v2\/types\/page"}],"author":[{"embeddable":true,"href":"https:\/\/www.xn--shktest-5wa8n.fi\/index.php?rest_route=\/wp\/v2\/users\/1"}],"replies":[{"embeddable":true,"href":"https:\/\/www.xn--shktest-5wa8n.fi\/index.php?rest_route=%2Fwp%2Fv2%2Fcomments&post=6"}],"version-history":[{"count":54,"href":"https:\/\/www.xn--shktest-5wa8n.fi\/index.php?rest_route=\/wp\/v2\/pages\/6\/revisions"}],"predecessor-version":[{"id":527,"href":"https:\/\/www.xn--shktest-5wa8n.fi\/index.php?rest_route=\/wp\/v2\/pages\/6\/revisions\/527"}],"wp:featuredmedia":[{"embeddable":true,"href":"https:\/\/www.xn--shktest-5wa8n.fi\/index.php?rest_route=\/wp\/v2\/media\/402"}],"wp:attachment":[{"href":"https:\/\/www.xn--shktest-5wa8n.fi\/index.php?rest_route=%2Fwp%2Fv2%2Fmedia&parent=6"}],"curies":[{"name":"wp","href":"https:\/\/api.w.org\/{rel}","templated":true}]}}